{"id":4050,"date":"2022-09-01T11:35:38","date_gmt":"2022-09-01T10:35:38","guid":{"rendered":"https:\/\/demo.cooldesign.cloud\/whisper-ecommerce\/product\/ws2-promo-kit\/"},"modified":"2026-04-04T04:54:58","modified_gmt":"2026-04-04T03:54:58","slug":"ws2-promo-kit","status":"publish","type":"product","link":"https:\/\/whisper-system.net\/it\/prodotto\/ws2-promo-kit\/","title":{"rendered":"WS2 Promo Kit"},"content":{"rendered":"<div id=\"modal-ready\"><div class=\"column one-second mobile-one\"><div class=\"mcb-column-inner\"><div class=\"content_video  auto-wh\"><div class=\"section_video\"><div class=\"mask\"><\/div><video class=\"mcb-video\" poster=\"\" style=\"max-width:100%; \" autoplay=\"1\" controls=\"1\" loop=\"1\" muted=\"1\" ><source type=\"video\/mp4\" src=\"https:\/\/whisper-system.net\/wp-content\/uploads\/2020\/12\/export-def_linee_web.mp4\" \/><\/video><\/div><\/div>\n<\/div><\/div>\n\n<div class=\"column one-second mobile-one\"><div class=\"mcb-column-inner\"><strong>Whisper WS2<\/strong> \u00e8 il sistema di comunicazione <strong>bidirezionale<\/strong> per istruttori e allievi, che garantisce una comunicazione di altissima qualit\u00e0, migliore di una conversazione telefonica ma senza usare la rete GSM\/LTE.<\/p>\n<p>Il ricevitore WS2 permette all\u2019allievo di ascoltare e di parlare con l\u2019istruttore (WS2 Transmitter) senza interferenze e rumori ambientali. Il trasmettitore WS2 permette all\u2019istruttore di pu\u00f2 stabilire una comunicazione bidirezionale con uno o pi\u00f9 ricevitori (allievi), nello stesso luogo in un raggio di 500 mt, scegliendo tra 3 diverse modalit\u00e0 di comunicazione:<\/p>\n<p><strong>One to One<\/strong><br \/>\nComunicazione bidirezionale tra istruttore e un allievo.<\/p>\n<p><strong>Multi &#8211; Gruppo (dal KIT2)<\/strong><br \/>\nComunicazione bidirezionale tra 1 trasmettitore (istruttore) e pi\u00f9 gruppi di allievi (ogni gruppo \u00e8 collegato all&#8217;istruttore su un canale dedicato).<\/p>\n<p><strong>Conferenza (dal KIT2)<\/strong><br \/>\nComunicazione bidirezionale tra 1 trasmettitore ed un numero infinito di allievi (Ricevitori) collegati sullo stesso canale.<\/div><\/div>\n\n<\/div>","protected":false},"excerpt":{"rendered":"","protected":false},"featured_media":3961,"comment_status":"open","ping_status":"closed","template":"","meta":{"inline_featured_image":false},"product_brand":[],"product_cat":[77,76],"product_tag":[],"class_list":{"0":"post-4050","1":"product","2":"type-product","3":"status-publish","4":"has-post-thumbnail","6":"product_cat-bidirezionale","7":"product_cat-ws2-it","8":"tm-no-options","10":"first","11":"instock","12":"sale","13":"taxable","14":"shipping-taxable","15":"purchasable","16":"product-type-variable"},"yoast_head":"<!-- This site is optimized with the Yoast SEO plugin v27.2 - https:\/\/yoast.com\/product\/yoast-seo-wordpress\/ -->\n<title>WS2 Promo Kit - Whisper - Words in Motion<\/title>\n<meta name=\"robots\" content=\"index, follow, max-snippet:-1, max-image-preview:large, max-video-preview:-1\" \/>\n<link rel=\"canonical\" href=\"https:\/\/whisper-system.net\/it\/prodotto\/ws2-promo-kit\/\" \/>\n<meta property=\"og:locale\" content=\"it_IT\" \/>\n<meta property=\"og:type\" content=\"article\" \/>\n<meta property=\"og:title\" content=\"WS2 Promo Kit - Whisper - Words in Motion\" \/>\n<meta property=\"og:url\" content=\"https:\/\/whisper-system.net\/it\/prodotto\/ws2-promo-kit\/\" \/>\n<meta property=\"og:site_name\" content=\"Whisper - Words in Motion\" \/>\n<meta property=\"article:modified_time\" content=\"2026-04-04T03:54:58+00:00\" \/>\n<meta property=\"og:image\" content=\"https:\/\/whisper-system.net\/wp-content\/uploads\/2020\/10\/WS2-kit1BoxENG.jpg\" \/>\n\t<meta property=\"og:image:width\" content=\"638\" \/>\n\t<meta property=\"og:image:height\" content=\"638\" \/>\n\t<meta property=\"og:image:type\" content=\"image\/jpeg\" \/>\n<meta name=\"twitter:card\" content=\"summary_large_image\" \/>\n<meta name=\"twitter:label1\" content=\"Tempo di lettura stimato\" \/>\n\t<meta name=\"twitter:data1\" content=\"1 minuto\" \/>\n<script type=\"application\/ld+json\" class=\"yoast-schema-graph\">{\"@context\":\"https:\/\/schema.org\",\"@graph\":[{\"@type\":\"WebPage\",\"@id\":\"https:\/\/whisper-system.net\/it\/prodotto\/ws2-promo-kit\/\",\"url\":\"https:\/\/whisper-system.net\/it\/prodotto\/ws2-promo-kit\/\",\"name\":\"WS2 Promo Kit - Whisper - Words in Motion\",\"isPartOf\":{\"@id\":\"https:\/\/whisper-system.net\/#website\"},\"primaryImageOfPage\":{\"@id\":\"https:\/\/whisper-system.net\/it\/prodotto\/ws2-promo-kit\/#primaryimage\"},\"image\":{\"@id\":\"https:\/\/whisper-system.net\/it\/prodotto\/ws2-promo-kit\/#primaryimage\"},\"thumbnailUrl\":\"https:\/\/whisper-system.net\/wp-content\/uploads\/2020\/10\/WS2-kit1BoxENG.jpg\",\"datePublished\":\"2022-09-01T10:35:38+00:00\",\"dateModified\":\"2026-04-04T03:54:58+00:00\",\"breadcrumb\":{\"@id\":\"https:\/\/whisper-system.net\/it\/prodotto\/ws2-promo-kit\/#breadcrumb\"},\"inLanguage\":\"it-IT\",\"potentialAction\":[{\"@type\":\"ReadAction\",\"target\":[\"https:\/\/whisper-system.net\/it\/prodotto\/ws2-promo-kit\/\"]}]},{\"@type\":\"ImageObject\",\"inLanguage\":\"it-IT\",\"@id\":\"https:\/\/whisper-system.net\/it\/prodotto\/ws2-promo-kit\/#primaryimage\",\"url\":\"https:\/\/whisper-system.net\/wp-content\/uploads\/2020\/10\/WS2-kit1BoxENG.jpg\",\"contentUrl\":\"https:\/\/whisper-system.net\/wp-content\/uploads\/2020\/10\/WS2-kit1BoxENG.jpg\",\"width\":638,\"height\":638},{\"@type\":\"BreadcrumbList\",\"@id\":\"https:\/\/whisper-system.net\/it\/prodotto\/ws2-promo-kit\/#breadcrumb\",\"itemListElement\":[{\"@type\":\"ListItem\",\"position\":1,\"name\":\"Home\",\"item\":\"https:\/\/whisper-system.net\/it\/home\/\"},{\"@type\":\"ListItem\",\"position\":2,\"name\":\"Negozio\",\"item\":\"https:\/\/whisper-system.net\/it\/negozio\/\"},{\"@type\":\"ListItem\",\"position\":3,\"name\":\"WS2 Promo Kit\"}]},{\"@type\":\"WebSite\",\"@id\":\"https:\/\/whisper-system.net\/#website\",\"url\":\"https:\/\/whisper-system.net\/\",\"name\":\"Whisper - Words in Motion\",\"description\":\"Just another WordPress site\",\"potentialAction\":[{\"@type\":\"SearchAction\",\"target\":{\"@type\":\"EntryPoint\",\"urlTemplate\":\"https:\/\/whisper-system.net\/?s={search_term_string}\"},\"query-input\":{\"@type\":\"PropertyValueSpecification\",\"valueRequired\":true,\"valueName\":\"search_term_string\"}}],\"inLanguage\":\"it-IT\"}]}<\/script>\n<!-- \/ Yoast SEO plugin. -->","yoast_head_json":{"title":"WS2 Promo Kit - Whisper - Words in Motion","robots":{"index":"index","follow":"follow","max-snippet":"max-snippet:-1","max-image-preview":"max-image-preview:large","max-video-preview":"max-video-preview:-1"},"canonical":"https:\/\/whisper-system.net\/it\/prodotto\/ws2-promo-kit\/","og_locale":"it_IT","og_type":"article","og_title":"WS2 Promo Kit - Whisper - Words in Motion","og_url":"https:\/\/whisper-system.net\/it\/prodotto\/ws2-promo-kit\/","og_site_name":"Whisper - Words in Motion","article_modified_time":"2026-04-04T03:54:58+00:00","og_image":[{"width":638,"height":638,"url":"https:\/\/whisper-system.net\/wp-content\/uploads\/2020\/10\/WS2-kit1BoxENG.jpg","type":"image\/jpeg"}],"twitter_card":"summary_large_image","twitter_misc":{"Tempo di lettura stimato":"1 minuto"},"schema":{"@context":"https:\/\/schema.org","@graph":[{"@type":"WebPage","@id":"https:\/\/whisper-system.net\/it\/prodotto\/ws2-promo-kit\/","url":"https:\/\/whisper-system.net\/it\/prodotto\/ws2-promo-kit\/","name":"WS2 Promo Kit - Whisper - Words in Motion","isPartOf":{"@id":"https:\/\/whisper-system.net\/#website"},"primaryImageOfPage":{"@id":"https:\/\/whisper-system.net\/it\/prodotto\/ws2-promo-kit\/#primaryimage"},"image":{"@id":"https:\/\/whisper-system.net\/it\/prodotto\/ws2-promo-kit\/#primaryimage"},"thumbnailUrl":"https:\/\/whisper-system.net\/wp-content\/uploads\/2020\/10\/WS2-kit1BoxENG.jpg","datePublished":"2022-09-01T10:35:38+00:00","dateModified":"2026-04-04T03:54:58+00:00","breadcrumb":{"@id":"https:\/\/whisper-system.net\/it\/prodotto\/ws2-promo-kit\/#breadcrumb"},"inLanguage":"it-IT","potentialAction":[{"@type":"ReadAction","target":["https:\/\/whisper-system.net\/it\/prodotto\/ws2-promo-kit\/"]}]},{"@type":"ImageObject","inLanguage":"it-IT","@id":"https:\/\/whisper-system.net\/it\/prodotto\/ws2-promo-kit\/#primaryimage","url":"https:\/\/whisper-system.net\/wp-content\/uploads\/2020\/10\/WS2-kit1BoxENG.jpg","contentUrl":"https:\/\/whisper-system.net\/wp-content\/uploads\/2020\/10\/WS2-kit1BoxENG.jpg","width":638,"height":638},{"@type":"BreadcrumbList","@id":"https:\/\/whisper-system.net\/it\/prodotto\/ws2-promo-kit\/#breadcrumb","itemListElement":[{"@type":"ListItem","position":1,"name":"Home","item":"https:\/\/whisper-system.net\/it\/home\/"},{"@type":"ListItem","position":2,"name":"Negozio","item":"https:\/\/whisper-system.net\/it\/negozio\/"},{"@type":"ListItem","position":3,"name":"WS2 Promo Kit"}]},{"@type":"WebSite","@id":"https:\/\/whisper-system.net\/#website","url":"https:\/\/whisper-system.net\/","name":"Whisper - Words in Motion","description":"Just another WordPress site","potentialAction":[{"@type":"SearchAction","target":{"@type":"EntryPoint","urlTemplate":"https:\/\/whisper-system.net\/?s={search_term_string}"},"query-input":{"@type":"PropertyValueSpecification","valueRequired":true,"valueName":"search_term_string"}}],"inLanguage":"it-IT"}]}},"_links":{"self":[{"href":"https:\/\/whisper-system.net\/it\/wp-json\/wp\/v2\/product\/4050","targetHints":{"allow":["GET"]}}],"collection":[{"href":"https:\/\/whisper-system.net\/it\/wp-json\/wp\/v2\/product"}],"about":[{"href":"https:\/\/whisper-system.net\/it\/wp-json\/wp\/v2\/types\/product"}],"replies":[{"embeddable":true,"href":"https:\/\/whisper-system.net\/it\/wp-json\/wp\/v2\/comments?post=4050"}],"wp:featuredmedia":[{"embeddable":true,"href":"https:\/\/whisper-system.net\/it\/wp-json\/wp\/v2\/media\/3961"}],"wp:attachment":[{"href":"https:\/\/whisper-system.net\/it\/wp-json\/wp\/v2\/media?parent=4050"}],"wp:term":[{"taxonomy":"product_brand","embeddable":true,"href":"https:\/\/whisper-system.net\/it\/wp-json\/wp\/v2\/product_brand?post=4050"},{"taxonomy":"product_cat","embeddable":true,"href":"https:\/\/whisper-system.net\/it\/wp-json\/wp\/v2\/product_cat?post=4050"},{"taxonomy":"product_tag","embeddable":true,"href":"https:\/\/whisper-system.net\/it\/wp-json\/wp\/v2\/product_tag?post=4050"}],"curies":[{"name":"wp","href":"https:\/\/api.w.org\/{rel}","templated":true}]}}