{"id":3991,"date":"2020-10-05T16:57:36","date_gmt":"2020-10-05T15:57:36","guid":{"rendered":"https:\/\/demo.cooldesign.cloud\/whisper-ecommerce\/product\/ws2-helmet\/"},"modified":"2025-11-25T18:00:48","modified_gmt":"2025-11-25T17:00:48","slug":"ws2-helmet","status":"publish","type":"product","link":"https:\/\/whisper-system.net\/it\/prodotto\/ws2-helmet\/","title":{"rendered":"WS2 Helmet"},"content":{"rendered":"<div id=\"modal-ready\"><p>L&#8217;auricolare con microfono WS2 Helmet \u00e8 un accessorio professionale progettato per la neve e gli sport ad alta velocit\u00e0 per garantire un&#8217;eccezionale qualit\u00e0 della comunicazione anche in condizioni estreme.<\/p>\n<p>Il microfono HRV e i 2 speakers (4,5 cm) ricoperti in morbido tessuto, garantiscono la massima qualit\u00e0 della voce in ogni condizione climatica ed un comfort eccezionale nell&#8217;uso quotidiano.<\/p>\n<p>Grazie al sistema di fast fitting l&#8217;auricolare con microfono pu\u00f2 essere installato in maniera permanente all\u2019interno del casco, senza necessit\u00e0 di rimuoverlo alla fine dell\u2019allenamento.<\/p>\n<p><strong>High resolution voice (HRV)<\/strong><br \/>\nI due grandi speakers del diametro di 4,5 cm. sono rivestiti in tessuto morbido e garantiscono un\u2019elevata qualit\u00e0 audio anche ad alte velocit\u00e0. Il microfono Helmet \u00e8 realizzato con una capsula direzionale rivestita da spugna anti vento, capace di ridurre i rumori ed amplificare la voce durante l&#8217;uso in velocit\u00e0 ed in condizioni ambientali e climatiche estreme.<\/p>\n<p><strong>Anti-Tear system<\/strong><br \/>\nIl cavo Helmet \u00e8 realizzato con 2 spirali anti-strappo che riducono la tensione sul cavo (ANTI-TEARS), migliorano il comfort durante l&#8217;uso e garantiscono una maggiore durata nel tempo.<\/p>\n<p><strong>Fast-Fitting system<\/strong><br \/>\nGrazie al sistema FAST-FITTING, potrai sfilare rapidamente il casco senza rimuovere l&#8217;auricolare dal suo interno ad ogni pausa.<br \/>\n<strong>WS2 Helmet<\/strong> \u00e8 adatto ai bambini (dai 6 anni) ed agli adulti.<\/p>\n<p>Completa il tuo auricolare helmet con il cavo PTT.<\/p>\n<p><strong>Compatibile solo con le radio bidirezionali WS2 e con l&#8217;accessorio PTT.<\/strong><br \/>\n<em>Accessorio igienizzabile con i comuni detergenti disponibili sul mercato <\/em><\/p>\n<\/div>","protected":false},"excerpt":{"rendered":"<p><span style=\"font-weight: 400;\">Auricolare con microfono professionale da casco<\/span><\/p>\n<p><strong>La confezione contiene:<\/strong><br \/>\n<strong>WS2 Helmet:<\/strong> auricolare con microfono direzionale<br \/>\n2 dischi adesivi di velcro morbido<\/p>\n","protected":false},"featured_media":3883,"comment_status":"open","ping_status":"closed","template":"","meta":{"inline_featured_image":false},"product_brand":[],"product_cat":[77,76],"product_tag":[],"class_list":{"0":"post-3991","1":"product","2":"type-product","3":"status-publish","4":"has-post-thumbnail","6":"product_cat-bidirezionale","7":"product_cat-ws2-it","8":"tm-has-options","10":"first","11":"instock","12":"taxable","13":"shipping-taxable","14":"purchasable","15":"product-type-simple"},"yoast_head":"<!-- This site is optimized with the Yoast SEO plugin v27.2 - https:\/\/yoast.com\/product\/yoast-seo-wordpress\/ -->\n<title>WS2 Helmet - Whisper - Words in Motion<\/title>\n<meta name=\"robots\" content=\"index, follow, max-snippet:-1, max-image-preview:large, max-video-preview:-1\" \/>\n<link rel=\"canonical\" href=\"https:\/\/whisper-system.net\/it\/prodotto\/ws2-helmet\/\" \/>\n<meta property=\"og:locale\" content=\"it_IT\" \/>\n<meta property=\"og:type\" content=\"article\" \/>\n<meta property=\"og:title\" content=\"WS2 Helmet - Whisper - Words in Motion\" \/>\n<meta property=\"og:description\" content=\"Auricolare con microfono professionale da casco  La confezione contiene: WS2 Helmet: auricolare con microfono direzionale 2 dischi adesivi di velcro morbido\" \/>\n<meta property=\"og:url\" content=\"https:\/\/whisper-system.net\/it\/prodotto\/ws2-helmet\/\" \/>\n<meta property=\"og:site_name\" content=\"Whisper - Words in Motion\" \/>\n<meta property=\"article:modified_time\" content=\"2025-11-25T17:00:48+00:00\" \/>\n<meta property=\"og:image\" content=\"https:\/\/whisper-system.net\/wp-content\/uploads\/2020\/10\/HI103WS2_01_01_A.jpg\" \/>\n\t<meta property=\"og:image:width\" content=\"800\" \/>\n\t<meta property=\"og:image:height\" content=\"800\" \/>\n\t<meta property=\"og:image:type\" content=\"image\/jpeg\" \/>\n<meta name=\"twitter:card\" content=\"summary_large_image\" \/>\n<meta name=\"twitter:label1\" content=\"Tempo di lettura stimato\" \/>\n\t<meta name=\"twitter:data1\" content=\"2 minuti\" \/>\n<script type=\"application\/ld+json\" class=\"yoast-schema-graph\">{\"@context\":\"https:\/\/schema.org\",\"@graph\":[{\"@type\":\"WebPage\",\"@id\":\"https:\/\/whisper-system.net\/it\/prodotto\/ws2-helmet\/\",\"url\":\"https:\/\/whisper-system.net\/it\/prodotto\/ws2-helmet\/\",\"name\":\"WS2 Helmet - Whisper - Words in Motion\",\"isPartOf\":{\"@id\":\"https:\/\/whisper-system.net\/#website\"},\"primaryImageOfPage\":{\"@id\":\"https:\/\/whisper-system.net\/it\/prodotto\/ws2-helmet\/#primaryimage\"},\"image\":{\"@id\":\"https:\/\/whisper-system.net\/it\/prodotto\/ws2-helmet\/#primaryimage\"},\"thumbnailUrl\":\"https:\/\/whisper-system.net\/wp-content\/uploads\/2020\/10\/HI103WS2_01_01_A.jpg\",\"datePublished\":\"2020-10-05T15:57:36+00:00\",\"dateModified\":\"2025-11-25T17:00:48+00:00\",\"breadcrumb\":{\"@id\":\"https:\/\/whisper-system.net\/it\/prodotto\/ws2-helmet\/#breadcrumb\"},\"inLanguage\":\"it-IT\",\"potentialAction\":[{\"@type\":\"ReadAction\",\"target\":[\"https:\/\/whisper-system.net\/it\/prodotto\/ws2-helmet\/\"]}]},{\"@type\":\"ImageObject\",\"inLanguage\":\"it-IT\",\"@id\":\"https:\/\/whisper-system.net\/it\/prodotto\/ws2-helmet\/#primaryimage\",\"url\":\"https:\/\/whisper-system.net\/wp-content\/uploads\/2020\/10\/HI103WS2_01_01_A.jpg\",\"contentUrl\":\"https:\/\/whisper-system.net\/wp-content\/uploads\/2020\/10\/HI103WS2_01_01_A.jpg\",\"width\":800,\"height\":800},{\"@type\":\"BreadcrumbList\",\"@id\":\"https:\/\/whisper-system.net\/it\/prodotto\/ws2-helmet\/#breadcrumb\",\"itemListElement\":[{\"@type\":\"ListItem\",\"position\":1,\"name\":\"Home\",\"item\":\"https:\/\/whisper-system.net\/it\/home\/\"},{\"@type\":\"ListItem\",\"position\":2,\"name\":\"Negozio\",\"item\":\"https:\/\/whisper-system.net\/it\/negozio\/\"},{\"@type\":\"ListItem\",\"position\":3,\"name\":\"WS2 Helmet\"}]},{\"@type\":\"WebSite\",\"@id\":\"https:\/\/whisper-system.net\/#website\",\"url\":\"https:\/\/whisper-system.net\/\",\"name\":\"Whisper - Words in Motion\",\"description\":\"Just another WordPress site\",\"potentialAction\":[{\"@type\":\"SearchAction\",\"target\":{\"@type\":\"EntryPoint\",\"urlTemplate\":\"https:\/\/whisper-system.net\/?s={search_term_string}\"},\"query-input\":{\"@type\":\"PropertyValueSpecification\",\"valueRequired\":true,\"valueName\":\"search_term_string\"}}],\"inLanguage\":\"it-IT\"}]}<\/script>\n<!-- \/ Yoast SEO plugin. -->","yoast_head_json":{"title":"WS2 Helmet - Whisper - Words in Motion","robots":{"index":"index","follow":"follow","max-snippet":"max-snippet:-1","max-image-preview":"max-image-preview:large","max-video-preview":"max-video-preview:-1"},"canonical":"https:\/\/whisper-system.net\/it\/prodotto\/ws2-helmet\/","og_locale":"it_IT","og_type":"article","og_title":"WS2 Helmet - Whisper - Words in Motion","og_description":"Auricolare con microfono professionale da casco  La confezione contiene: WS2 Helmet: auricolare con microfono direzionale 2 dischi adesivi di velcro morbido","og_url":"https:\/\/whisper-system.net\/it\/prodotto\/ws2-helmet\/","og_site_name":"Whisper - Words in Motion","article_modified_time":"2025-11-25T17:00:48+00:00","og_image":[{"width":800,"height":800,"url":"https:\/\/whisper-system.net\/wp-content\/uploads\/2020\/10\/HI103WS2_01_01_A.jpg","type":"image\/jpeg"}],"twitter_card":"summary_large_image","twitter_misc":{"Tempo di lettura stimato":"2 minuti"},"schema":{"@context":"https:\/\/schema.org","@graph":[{"@type":"WebPage","@id":"https:\/\/whisper-system.net\/it\/prodotto\/ws2-helmet\/","url":"https:\/\/whisper-system.net\/it\/prodotto\/ws2-helmet\/","name":"WS2 Helmet - Whisper - Words in Motion","isPartOf":{"@id":"https:\/\/whisper-system.net\/#website"},"primaryImageOfPage":{"@id":"https:\/\/whisper-system.net\/it\/prodotto\/ws2-helmet\/#primaryimage"},"image":{"@id":"https:\/\/whisper-system.net\/it\/prodotto\/ws2-helmet\/#primaryimage"},"thumbnailUrl":"https:\/\/whisper-system.net\/wp-content\/uploads\/2020\/10\/HI103WS2_01_01_A.jpg","datePublished":"2020-10-05T15:57:36+00:00","dateModified":"2025-11-25T17:00:48+00:00","breadcrumb":{"@id":"https:\/\/whisper-system.net\/it\/prodotto\/ws2-helmet\/#breadcrumb"},"inLanguage":"it-IT","potentialAction":[{"@type":"ReadAction","target":["https:\/\/whisper-system.net\/it\/prodotto\/ws2-helmet\/"]}]},{"@type":"ImageObject","inLanguage":"it-IT","@id":"https:\/\/whisper-system.net\/it\/prodotto\/ws2-helmet\/#primaryimage","url":"https:\/\/whisper-system.net\/wp-content\/uploads\/2020\/10\/HI103WS2_01_01_A.jpg","contentUrl":"https:\/\/whisper-system.net\/wp-content\/uploads\/2020\/10\/HI103WS2_01_01_A.jpg","width":800,"height":800},{"@type":"BreadcrumbList","@id":"https:\/\/whisper-system.net\/it\/prodotto\/ws2-helmet\/#breadcrumb","itemListElement":[{"@type":"ListItem","position":1,"name":"Home","item":"https:\/\/whisper-system.net\/it\/home\/"},{"@type":"ListItem","position":2,"name":"Negozio","item":"https:\/\/whisper-system.net\/it\/negozio\/"},{"@type":"ListItem","position":3,"name":"WS2 Helmet"}]},{"@type":"WebSite","@id":"https:\/\/whisper-system.net\/#website","url":"https:\/\/whisper-system.net\/","name":"Whisper - Words in Motion","description":"Just another WordPress site","potentialAction":[{"@type":"SearchAction","target":{"@type":"EntryPoint","urlTemplate":"https:\/\/whisper-system.net\/?s={search_term_string}"},"query-input":{"@type":"PropertyValueSpecification","valueRequired":true,"valueName":"search_term_string"}}],"inLanguage":"it-IT"}]}},"_links":{"self":[{"href":"https:\/\/whisper-system.net\/it\/wp-json\/wp\/v2\/product\/3991","targetHints":{"allow":["GET"]}}],"collection":[{"href":"https:\/\/whisper-system.net\/it\/wp-json\/wp\/v2\/product"}],"about":[{"href":"https:\/\/whisper-system.net\/it\/wp-json\/wp\/v2\/types\/product"}],"replies":[{"embeddable":true,"href":"https:\/\/whisper-system.net\/it\/wp-json\/wp\/v2\/comments?post=3991"}],"wp:featuredmedia":[{"embeddable":true,"href":"https:\/\/whisper-system.net\/it\/wp-json\/wp\/v2\/media\/3883"}],"wp:attachment":[{"href":"https:\/\/whisper-system.net\/it\/wp-json\/wp\/v2\/media?parent=3991"}],"wp:term":[{"taxonomy":"product_brand","embeddable":true,"href":"https:\/\/whisper-system.net\/it\/wp-json\/wp\/v2\/product_brand?post=3991"},{"taxonomy":"product_cat","embeddable":true,"href":"https:\/\/whisper-system.net\/it\/wp-json\/wp\/v2\/product_cat?post=3991"},{"taxonomy":"product_tag","embeddable":true,"href":"https:\/\/whisper-system.net\/it\/wp-json\/wp\/v2\/product_tag?post=3991"}],"curies":[{"name":"wp","href":"https:\/\/api.w.org\/{rel}","templated":true}]}}